{"id":10,"date":"2025-06-05T09:01:31","date_gmt":"2025-06-05T09:01:31","guid":{"rendered":"https:\/\/nexusgrrenenergy.com\/index.php\/mesmerize\/"},"modified":"2026-02-12T09:56:29","modified_gmt":"2026-02-12T09:56:29","slug":"mesmerize","status":"publish","type":"page","link":"https:\/\/nexusgrrenenergy.com\/","title":{"rendered":"NEXUS GREEN ENERGY"},"content":{"rendered":"<div  id=\"overlappable-4\" style=\"background-color: #ffffff;\" data-label=\"Overlappable\" data-id=\"overlappable-4\" data-export-id=\"overlappable-4\" data-category=\"overlappable\" class=\"overlappable-4 content-section content-section-spacing\" data-overlap=\"true\"><div  class=\"gridContainer\"> <div  data-type=\"row\" class=\"row spaced-cols text-center\"><div  class=\"col-xs-12 col-sm-4 col-padding\"> <a  data-cp-link=\"1\" href=\"https:\/\/nexusgreenenergy.com\" target=\"_self\" class=\"\"><i  class=\"fa icon shadow-large-black aligncenter color1 fa-clone reverse round large\"><\/i><\/a> <div  data-type=\"column\" class=\"\"> <h5  class=\"\">NEXUS GREEN ENERGY<\/h5> <p  class=\"\">Actualmente estamos actualizando nuestra web y las conexiones con la plataforma de compraventa de bonos de carbono.<\/p><a  class=\"button blue\" href=\"https:\/\/nexusgreenenergy.com\" target=\"_self\" data-cp-link=\"1\">Leer M\u00e1s\u2026<\/a><\/div> <\/div> <div  class=\"col-xs-12 col-sm-4 col-padding\"> <a  data-cp-link=\"1\" href=\"https:\/\/nexusgreenenergy.com\" target=\"_self\" class=\"\"><i  class=\"fa icon shadow-large-black aligncenter color1 fa-cogs reverse round large\"><\/i><\/a> <div  data-type=\"column\" class=\"\"><h5  class=\"\">NEXUS GREEN ENERGY<\/h5> <p  class=\"\">Estamos renovando nuestra presencia digital y mejorando la integraci\u00f3n con nuestras soluciones de descarbonizaci\u00f3n.<\/p><a  class=\"button blue\" href=\"https:\/\/nexusgreenenergy.com\" target=\"_self\" data-cp-link=\"1\">Ler M\u00e1s\u2026<\/a><\/div> <\/div> <div  class=\"col-xs-12 col-sm-4 col-padding\"> <a  data-cp-link=\"1\" href=\"https:\/\/nexusgreenenergy.com\" target=\"_self\" class=\"\"><i  class=\"fa icon shadow-large-black aligncenter color1 fa-magic reverse round large\"><\/i><\/a> <div  data-type=\"column\" class=\"\"><h5  class=\"\">NEXUS GREEN ENERGY<\/h5> <p  class=\"\">Nuestro equipo est\u00e1 trabajando en una nueva versi\u00f3n de la web que integrar\u00e1 mejoras t\u00e9cnicas y operativas para facilitar la compraventa de bonos de carbono y certificados CBAM.<\/p><a  class=\"button blue\" href=\"https:\/\/nexusgreenenergy.com\" target=\"_self\" data-cp-link=\"1\">Leer M\u00e1s\u2026<\/a><\/div> <\/div><\/div> <\/div><\/div>","protected":false},"excerpt":{"rendered":"<p>NEXUS GREEN ENERGY Actualmente estamos actualizando nuestra web y las conexiones con la plataforma de compraventa de bonos de carbono.Leer M\u00e1s\u2026 NEXUS GREEN ENERGY Estamos renovando nuestra presencia digital y mejorando la integraci\u00f3n con nuestras soluciones de descarbonizaci\u00f3n.Ler M\u00e1s\u2026 NEXUS GREEN ENERGY Nuestro equipo est\u00e1 trabajando en una nueva versi\u00f3n de la web que integrar\u00e1&hellip; <br \/> <a class=\"read-more\" href=\"https:\/\/nexusgrrenenergy.com\/\">Leer m\u00e1s<\/a><\/p>\n","protected":false},"author":1,"featured_media":0,"parent":0,"menu_order":0,"comment_status":"closed","ping_status":"closed","template":"page-templates\/homepage.php","meta":{"footnotes":""},"class_list":["post-10","page","type-page","status-publish","hentry"],"_links":{"self":[{"href":"https:\/\/nexusgrrenenergy.com\/index.php\/wp-json\/wp\/v2\/pages\/10","targetHints":{"allow":["GET"]}}],"collection":[{"href":"https:\/\/nexusgrrenenergy.com\/index.php\/wp-json\/wp\/v2\/pages"}],"about":[{"href":"https:\/\/nexusgrrenenergy.com\/index.php\/wp-json\/wp\/v2\/types\/page"}],"author":[{"embeddable":true,"href":"https:\/\/nexusgrrenenergy.com\/index.php\/wp-json\/wp\/v2\/users\/1"}],"replies":[{"embeddable":true,"href":"https:\/\/nexusgrrenenergy.com\/index.php\/wp-json\/wp\/v2\/comments?post=10"}],"version-history":[{"count":11,"href":"https:\/\/nexusgrrenenergy.com\/index.php\/wp-json\/wp\/v2\/pages\/10\/revisions"}],"predecessor-version":[{"id":62,"href":"https:\/\/nexusgrrenenergy.com\/index.php\/wp-json\/wp\/v2\/pages\/10\/revisions\/62"}],"wp:attachment":[{"href":"https:\/\/nexusgrrenenergy.com\/index.php\/wp-json\/wp\/v2\/media?parent=10"}],"curies":[{"name":"wp","href":"https:\/\/api.w.org\/{rel}","templated":true}]}}